{"id":12190,"date":"2024-06-10T12:30:18","date_gmt":"2024-06-10T09:30:18","guid":{"rendered":"https:\/\/alinepvc.com\/?page_id=12190"},"modified":"2024-07-02T17:46:37","modified_gmt":"2024-07-02T14:46:37","slug":"rd-ar-ge","status":"publish","type":"page","link":"https:\/\/alinepvc.com\/es\/rd-ar-ge\/","title":{"rendered":"I+D (INVESTIGACI\u00d3N Y DESARROLLO)"},"content":{"rendered":"<div data-elementor-type=\"wp-page\" data-elementor-id=\"12190\" class=\"elementor elementor-12190\">\n\t\t\t\t\t\t<section class=\"elementor-section elementor-top-section elementor-element elementor-element-c370898 elementor-section-boxed elementor-section-height-default elementor-section-height-default\" data-id=\"c370898\" data-element_type=\"section\" data-settings=\"{&quot;background_background&quot;:&quot;classic&quot;,&quot;ekit_has_onepagescroll_dot&quot;:&quot;yes&quot;}\">\n\t\t\t\t\t\t\t<div class=\"elementor-background-overlay\"><\/div>\n\t\t\t\t\t\t\t<div class=\"elementor-container elementor-column-gap-no\">\n\t\t\t\t\t<div class=\"elementor-column elementor-col-100 elementor-top-column elementor-element elementor-element-1314b87\" data-id=\"1314b87\" data-element_type=\"column\">\n\t\t\t<div class=\"elementor-widget-wrap elementor-element-populated\">\n\t\t\t\t\t\t<div class=\"elementor-element elementor-element-f7fc31c elementor-widget elementor-widget-heading\" data-id=\"f7fc31c\" data-element_type=\"widget\" data-settings=\"{&quot;ekit_we_effect_on&quot;:&quot;none&quot;}\" data-widget_type=\"heading.default\">\n\t\t\t\t<div class=\"elementor-widget-container\">\n\t\t\t<style>\/*! elementor - v3.22.0 - 26-06-2024 *\/\n.elementor-heading-title{padding:0;margin:0;line-height:1}.elementor-widget-heading .elementor-heading-title[class*=elementor-size-]>a{color:inherit;font-size:inherit;line-height:inherit}.elementor-widget-heading .elementor-heading-title.elementor-size-small{font-size:15px}.elementor-widget-heading .elementor-heading-title.elementor-size-medium{font-size:19px}.elementor-widget-heading .elementor-heading-title.elementor-size-large{font-size:29px}.elementor-widget-heading .elementor-heading-title.elementor-size-xl{font-size:39px}.elementor-widget-heading .elementor-heading-title.elementor-size-xxl{font-size:59px}<\/style><h2 class=\"elementor-heading-title elementor-size-default\">Departamento de Investigaci\u00f3n y Desarrollo (I+D)\n<\/h2>\t\t<\/div>\n\t\t\t\t<\/div>\n\t\t\t\t<div class=\"elementor-element elementor-element-5d664f5 elementor-widget elementor-widget-text-editor\" data-id=\"5d664f5\" data-element_type=\"widget\" data-settings=\"{&quot;ekit_we_effect_on&quot;:&quot;none&quot;}\" data-widget_type=\"text-editor.default\">\n\t\t\t\t<div class=\"elementor-widget-container\">\n\t\t\t<style>\/*! elementor - v3.22.0 - 26-06-2024 *\/\n.elementor-widget-text-editor.elementor-drop-cap-view-stacked .elementor-drop-cap{background-color:#69727d;color:#fff}.elementor-widget-text-editor.elementor-drop-cap-view-framed .elementor-drop-cap{color:#69727d;border:3px solid;background-color:transparent}.elementor-widget-text-editor:not(.elementor-drop-cap-view-default) .elementor-drop-cap{margin-top:8px}.elementor-widget-text-editor:not(.elementor-drop-cap-view-default) .elementor-drop-cap-letter{width:1em;height:1em}.elementor-widget-text-editor .elementor-drop-cap{float:left;text-align:center;line-height:1;font-size:50px}.elementor-widget-text-editor .elementor-drop-cap-letter{display:inline-block}<\/style>\t\t\t\t<p>Exportamos el 50% de nuestra producci\u00f3n de perfiles de PVC a numerosos pa\u00edses en 4 continentes. Con una demanda en constante aumento, nuestro volumen de exportaci\u00f3n contin\u00faa creciendo r\u00e1pidamente. Desde la creaci\u00f3n de nuestras instalaciones, exportamos todos nuestros perfiles de PVC, as\u00ed como nuestras ventanas y puertas listas para su uso, centr\u00e1ndonos principalmente en los mercados europeos y en muchos otros pa\u00edses en 4 continentes. Como orgullosa marca local que representa a nuestra naci\u00f3n, nos complace presentar nuestros productos en el mercado global, garantizando una calidad alta que cumple con los est\u00e1ndares europeos.<\/p>\t\t\t\t\t\t<\/div>\n\t\t\t\t<\/div>\n\t\t\t\t<div class=\"elementor-element elementor-element-d6ea318 elementor-widget elementor-widget-heading\" data-id=\"d6ea318\" data-element_type=\"widget\" data-settings=\"{&quot;ekit_we_effect_on&quot;:&quot;none&quot;}\" data-widget_type=\"heading.default\">\n\t\t\t\t<div class=\"elementor-widget-container\">\n\t\t\t<h2 class=\"elementor-heading-title elementor-size-default\">Lo que Hacemos<\/h2>\t\t<\/div>\n\t\t\t\t<\/div>\n\t\t\t\t<div class=\"elementor-element elementor-element-38eddda elementor-widget elementor-widget-text-editor\" data-id=\"38eddda\" data-element_type=\"widget\" data-settings=\"{&quot;ekit_we_effect_on&quot;:&quot;none&quot;}\" data-widget_type=\"text-editor.default\">\n\t\t\t\t<div class=\"elementor-widget-container\">\n\t\t\t\t\t\t\t<p><strong>Innovaci\u00f3n y Creatividad:<\/strong> Nuestro equipo crea productos innovadores.<\/p><p><strong>Desarrollo de Producto:<\/strong> Supervisar el ciclo de vida del producto desde el concepto hasta el mercado.<\/p><p><strong>Investigaci\u00f3n de Mercado:<\/strong> Identificar las tendencias del mercado y las necesidades de los clientes.<\/p><p><strong>Colaboraci\u00f3n y Asociaciones:<\/strong> Trabajar con socios acad\u00e9micos e industriales.<\/p><p><strong>Sostenibilidad:<\/strong> Comprometi\u00e9ndose con soluciones respetuosas con el medio ambiente.<\/p><p><strong>Direcciones Futuras: <\/strong>Expansi\u00f3n hacia nuevos mercados globales. Desarrollo de innovaciones sostenibles.<\/p><p>\u00a0<\/p>\t\t\t\t\t\t<\/div>\n\t\t\t\t<\/div>\n\t\t\t\t\t<\/div>\n\t\t<\/div>\n\t\t\t\t\t<\/div>\n\t\t<\/section>\n\t\t\t\t<section class=\"elementor-section elementor-top-section elementor-element elementor-element-7440073c elementor-section-boxed elementor-section-height-default elementor-section-height-default\" data-id=\"7440073c\" data-element_type=\"section\" data-settings=\"{&quot;background_background&quot;:&quot;classic&quot;,&quot;ekit_has_onepagescroll_dot&quot;:&quot;yes&quot;}\">\n\t\t\t\t\t\t\t<div class=\"elementor-background-overlay\"><\/div>\n\t\t\t\t\t\t\t<div class=\"elementor-container elementor-column-gap-default\">\n\t\t\t\t\t<div class=\"elementor-column elementor-col-100 elementor-top-column elementor-element elementor-element-2325f573\" data-id=\"2325f573\" data-element_type=\"column\">\n\t\t\t<div class=\"elementor-widget-wrap\">\n\t\t\t\t\t\t\t<\/div>\n\t\t<\/div>\n\t\t\t\t\t<\/div>\n\t\t<\/section>\n\t\t\t\t<\/div>","protected":false},"excerpt":{"rendered":"<p>Research and Development (R&amp;D) Department We export 50% of our PVC profile production to numerous countries across 4 continents. With the ever-increasing demand, our export volume continues to grow rapidly. Since our facility was established, we have been exporting all our PVC profile and ready windows and doors products, focusing primarily on European markets as [&hellip;]<\/p>","protected":false},"author":1,"featured_media":0,"parent":0,"menu_order":0,"comment_status":"closed","ping_status":"closed","template":"tpl-default-elementor.php","meta":{"footnotes":""},"class_list":["post-12190","page","type-page","status-publish","hentry"],"_links":{"self":[{"href":"https:\/\/alinepvc.com\/es\/wp-json\/wp\/v2\/pages\/12190"}],"collection":[{"href":"https:\/\/alinepvc.com\/es\/wp-json\/wp\/v2\/pages"}],"about":[{"href":"https:\/\/alinepvc.com\/es\/wp-json\/wp\/v2\/types\/page"}],"author":[{"embeddable":true,"href":"https:\/\/alinepvc.com\/es\/wp-json\/wp\/v2\/users\/1"}],"replies":[{"embeddable":true,"href":"https:\/\/alinepvc.com\/es\/wp-json\/wp\/v2\/comments?post=12190"}],"version-history":[{"count":0,"href":"https:\/\/alinepvc.com\/es\/wp-json\/wp\/v2\/pages\/12190\/revisions"}],"wp:attachment":[{"href":"https:\/\/alinepvc.com\/es\/wp-json\/wp\/v2\/media?parent=12190"}],"curies":[{"name":"wp","href":"https:\/\/api.w.org\/{rel}","templated":true}]}}