{"id":12190,"date":"2024-06-10T12:30:18","date_gmt":"2024-06-10T09:30:18","guid":{"rendered":"https:\/\/alinepvc.com\/?page_id=12190"},"modified":"2024-07-02T17:46:37","modified_gmt":"2024-07-02T14:46:37","slug":"rd-ar-ge","status":"publish","type":"page","link":"https:\/\/alinepvc.com\/fr\/rd-ar-ge\/","title":{"rendered":"R&amp;D (RECHERCHE ET D\u00c9VELOPPEMENT)"},"content":{"rendered":"<div data-elementor-type=\"wp-page\" data-elementor-id=\"12190\" class=\"elementor elementor-12190\">\n\t\t\t\t\t\t<section class=\"elementor-section elementor-top-section elementor-element elementor-element-c370898 elementor-section-boxed elementor-section-height-default elementor-section-height-default\" data-id=\"c370898\" data-element_type=\"section\" data-settings=\"{&quot;background_background&quot;:&quot;classic&quot;,&quot;ekit_has_onepagescroll_dot&quot;:&quot;yes&quot;}\">\n\t\t\t\t\t\t\t<div class=\"elementor-background-overlay\"><\/div>\n\t\t\t\t\t\t\t<div class=\"elementor-container elementor-column-gap-no\">\n\t\t\t\t\t<div class=\"elementor-column elementor-col-100 elementor-top-column elementor-element elementor-element-1314b87\" data-id=\"1314b87\" data-element_type=\"column\">\n\t\t\t<div class=\"elementor-widget-wrap elementor-element-populated\">\n\t\t\t\t\t\t<div class=\"elementor-element elementor-element-f7fc31c elementor-widget elementor-widget-heading\" data-id=\"f7fc31c\" data-element_type=\"widget\" data-settings=\"{&quot;ekit_we_effect_on&quot;:&quot;none&quot;}\" data-widget_type=\"heading.default\">\n\t\t\t\t<div class=\"elementor-widget-container\">\n\t\t\t<style>\/*! elementor - v3.22.0 - 26-06-2024 *\/\n.elementor-heading-title{padding:0;margin:0;line-height:1}.elementor-widget-heading .elementor-heading-title[class*=elementor-size-]>a{color:inherit;font-size:inherit;line-height:inherit}.elementor-widget-heading .elementor-heading-title.elementor-size-small{font-size:15px}.elementor-widget-heading .elementor-heading-title.elementor-size-medium{font-size:19px}.elementor-widget-heading .elementor-heading-title.elementor-size-large{font-size:29px}.elementor-widget-heading .elementor-heading-title.elementor-size-xl{font-size:39px}.elementor-widget-heading .elementor-heading-title.elementor-size-xxl{font-size:59px}<\/style><h2 class=\"elementor-heading-title elementor-size-default\">D\u00e9partement de Recherche et D\u00e9veloppement (R&amp;D)\n<\/h2>\t\t<\/div>\n\t\t\t\t<\/div>\n\t\t\t\t<div class=\"elementor-element elementor-element-5d664f5 elementor-widget elementor-widget-text-editor\" data-id=\"5d664f5\" data-element_type=\"widget\" data-settings=\"{&quot;ekit_we_effect_on&quot;:&quot;none&quot;}\" data-widget_type=\"text-editor.default\">\n\t\t\t\t<div class=\"elementor-widget-container\">\n\t\t\t<style>\/*! elementor - v3.22.0 - 26-06-2024 *\/\n.elementor-widget-text-editor.elementor-drop-cap-view-stacked .elementor-drop-cap{background-color:#69727d;color:#fff}.elementor-widget-text-editor.elementor-drop-cap-view-framed .elementor-drop-cap{color:#69727d;border:3px solid;background-color:transparent}.elementor-widget-text-editor:not(.elementor-drop-cap-view-default) .elementor-drop-cap{margin-top:8px}.elementor-widget-text-editor:not(.elementor-drop-cap-view-default) .elementor-drop-cap-letter{width:1em;height:1em}.elementor-widget-text-editor .elementor-drop-cap{float:left;text-align:center;line-height:1;font-size:50px}.elementor-widget-text-editor .elementor-drop-cap-letter{display:inline-block}<\/style>\t\t\t\t<p>Nous exportons 50% de notre production de profil\u00e9s PVC vers de nombreux pays sur 4 continents. Avec une demande en constante augmentation, notre volume d'exportation continue de cro\u00eetre rapidement. Depuis la cr\u00e9ation de notre installation, nous exportons tous nos profil\u00e9s PVC ainsi que nos fen\u00eatres et portes pr\u00eates \u00e0 l'emploi, en mettant principalement l'accent sur les march\u00e9s europ\u00e9ens et de nombreux autres pays sur 4 continents. En tant que fier marque locale repr\u00e9sentant notre nation, nous sommes heureux de pr\u00e9senter nos produits sur le march\u00e9 mondial, en garantissant une qualit\u00e9 \u00e9lev\u00e9e conforme aux normes europ\u00e9ennes.<\/p>\t\t\t\t\t\t<\/div>\n\t\t\t\t<\/div>\n\t\t\t\t<div class=\"elementor-element elementor-element-d6ea318 elementor-widget elementor-widget-heading\" data-id=\"d6ea318\" data-element_type=\"widget\" data-settings=\"{&quot;ekit_we_effect_on&quot;:&quot;none&quot;}\" data-widget_type=\"heading.default\">\n\t\t\t\t<div class=\"elementor-widget-container\">\n\t\t\t<h2 class=\"elementor-heading-title elementor-size-default\">Ce que Nous Faisons<\/h2>\t\t<\/div>\n\t\t\t\t<\/div>\n\t\t\t\t<div class=\"elementor-element elementor-element-38eddda elementor-widget elementor-widget-text-editor\" data-id=\"38eddda\" data-element_type=\"widget\" data-settings=\"{&quot;ekit_we_effect_on&quot;:&quot;none&quot;}\" data-widget_type=\"text-editor.default\">\n\t\t\t\t<div class=\"elementor-widget-container\">\n\t\t\t\t\t\t\t<p><strong>Innovation et Cr\u00e9ativit\u00e9:<\/strong> Notre \u00e9quipe cr\u00e9e des produits r\u00e9volutionnaires.<\/p><p><strong>D\u00e9veloppement de Produit:<\/strong> Superviser le cycle de vie du produit, de la conception \u00e0 la mise sur le march\u00e9.<\/p><p><strong>\u00c9tude de March\u00e9:<\/strong> Identifier les tendances du march\u00e9 et les besoins des clients.<\/p><p><strong>Collaboration et Partenariats:<\/strong> Travailler avec des partenaires acad\u00e9miques et industriels.<\/p><p><strong>Durabilit\u00e9:<\/strong> \u00c9tant engag\u00e9 envers des solutions \u00e9cologiques.<\/p><p><strong>Orientations Futures: <\/strong>Expansion vers de nouveaux march\u00e9s mondiaux. D\u00e9veloppement d'innovations durables.<\/p><p>\u00a0<\/p>\t\t\t\t\t\t<\/div>\n\t\t\t\t<\/div>\n\t\t\t\t\t<\/div>\n\t\t<\/div>\n\t\t\t\t\t<\/div>\n\t\t<\/section>\n\t\t\t\t<section class=\"elementor-section elementor-top-section elementor-element elementor-element-7440073c elementor-section-boxed elementor-section-height-default elementor-section-height-default\" data-id=\"7440073c\" data-element_type=\"section\" data-settings=\"{&quot;background_background&quot;:&quot;classic&quot;,&quot;ekit_has_onepagescroll_dot&quot;:&quot;yes&quot;}\">\n\t\t\t\t\t\t\t<div class=\"elementor-background-overlay\"><\/div>\n\t\t\t\t\t\t\t<div class=\"elementor-container elementor-column-gap-default\">\n\t\t\t\t\t<div class=\"elementor-column elementor-col-100 elementor-top-column elementor-element elementor-element-2325f573\" data-id=\"2325f573\" data-element_type=\"column\">\n\t\t\t<div class=\"elementor-widget-wrap\">\n\t\t\t\t\t\t\t<\/div>\n\t\t<\/div>\n\t\t\t\t\t<\/div>\n\t\t<\/section>\n\t\t\t\t<\/div>","protected":false},"excerpt":{"rendered":"<p>Research and Development (R&amp;D) Department We export 50% of our PVC profile production to numerous countries across 4 continents. With the ever-increasing demand, our export volume continues to grow rapidly. Since our facility was established, we have been exporting all our PVC profile and ready windows and doors products, focusing primarily on European markets as [&hellip;]<\/p>","protected":false},"author":1,"featured_media":0,"parent":0,"menu_order":0,"comment_status":"closed","ping_status":"closed","template":"tpl-default-elementor.php","meta":{"footnotes":""},"class_list":["post-12190","page","type-page","status-publish","hentry"],"_links":{"self":[{"href":"https:\/\/alinepvc.com\/fr\/wp-json\/wp\/v2\/pages\/12190"}],"collection":[{"href":"https:\/\/alinepvc.com\/fr\/wp-json\/wp\/v2\/pages"}],"about":[{"href":"https:\/\/alinepvc.com\/fr\/wp-json\/wp\/v2\/types\/page"}],"author":[{"embeddable":true,"href":"https:\/\/alinepvc.com\/fr\/wp-json\/wp\/v2\/users\/1"}],"replies":[{"embeddable":true,"href":"https:\/\/alinepvc.com\/fr\/wp-json\/wp\/v2\/comments?post=12190"}],"version-history":[{"count":0,"href":"https:\/\/alinepvc.com\/fr\/wp-json\/wp\/v2\/pages\/12190\/revisions"}],"wp:attachment":[{"href":"https:\/\/alinepvc.com\/fr\/wp-json\/wp\/v2\/media?parent=12190"}],"curies":[{"name":"wp","href":"https:\/\/api.w.org\/{rel}","templated":true}]}}